{"id":9,"date":"2020-02-13T10:59:42","date_gmt":"2020-02-13T10:59:42","guid":{"rendered":"https:\/\/notannuaire.app\/?page_id=9"},"modified":"2026-04-02T14:50:52","modified_gmt":"2026-04-02T14:50:52","slug":"presentation","status":"publish","type":"page","link":"https:\/\/notannuaire.app\/annuaire-notaires-france\/","title":{"rendered":"Liste des annuaires des notaires"},"content":{"rendered":"<div style=\"background-color: #f2f2f2; text-align: left; padding: 8px; color: #000; width: 100%;\" align=\"left\">\n<p><strong>Annuaire par d\u00e9partement<\/strong><\/p>\n<p><select style=\"width: 90%;\" name=\"dep\" onchange=\"location = this.options[this.selectedIndex].value\"><option value=\"\">S\u00e9lectionner un d\u00e9partement<\/option><option value=\"https:\/\/lyon.notannuaire.app\/\">01 &#8211; Ain<\/option><option value=\"https:\/\/amiens.notannuaire.app\/\">02 &#8211; Aisne<\/option><option value=\"https:\/\/riom.notannuaire.app\/\">03 &#8211; Allier<\/option><option value=\"https:\/\/aix.notannuaire.app\/\">04 &#8211; Alpes-de-Haute-Provence<\/option><option value=\"https:\/\/grenoble.notannuaire.app\/\">05 &#8211; Hautes-Alpes<\/option><option value=\"https:\/\/aix.notannuaire.app\/\">06 &#8211; Alpes-Maritimes<\/option><option value=\"https:\/\/nimes.notannuaire.app\/\">07 &#8211; Ard\u00e8che<\/option><option value=\"https:\/\/reims.notannuaire.app\/\">08 &#8211; Ardennes<\/option><option value=\"https:\/\/toulouse.notannuaire.app\/\">09 &#8211; Ari\u00e8ge<\/option><option value=\"https:\/\/reims.notannuaire.app\/\">10 &#8211; Aube<\/option><option value=\"https:\/\/montpellier.notannuaire.app\/\">11 &#8211; Aude<\/option><option value=\"https:\/\/montpellier.notannuaire.app\/\">12 &#8211; Aveyron<\/option><option value=\"https:\/\/aix.notannuaire.app\/\">13 &#8211; Bouches-du-Rh\u00f4ne<\/option><option value=\"https:\/\/bourges.notannuaire.app\/\">18 &#8211; Cher<\/option><option value=\"https:\/\/riom.notannuaire.app\/\">15 &#8211; Cantal<\/option><option value=\"https:\/\/bordeaux.notannuaire.app\/\">16 &#8211; Charente<\/option><option value=\"https:\/\/poitiers.notannuaire.app\/\">17 &#8211; Charente-Martimes<\/option><option value=\"https:\/\/limoges.notannuaire.app\/\">19 &#8211; Corr\u00e8ze<\/option><option value=\"https:\/\/dijon.notannuaire.app\/\">21 &#8211; C\u00f4te d\u2019Or<\/option><option value=\"https:\/\/rennes.notannuaire.app\/\">22 &#8211; C\u00f4te d\u2019Armor<\/option><option value=\"https:\/\/limoges.notannuaire.app\/\">23 &#8211; Creuse<\/option><option value=\"https:\/\/bordeaux.notannuaire.app\/\">24 &#8211; Dordogne<\/option><option value=\"https:\/\/franche-comte.notannuaire.app\/\">25 &#8211; Doubs<\/option><option value=\"https:\/\/grenoble.notannuaire.app\/\">26 &#8211; Dr\u00f4me<\/option><option value=\"https:\/\/rouen.notannuaire.app\/\">27 &#8211; Eure<\/option><option value=\"https:\/\/eure-et-loir.notannuaire.app\/\">28 &#8211; Eure-et-Loir<\/option><option value=\"https:\/\/rennes.notannuaire.app\/\">29 &#8211; Finist\u00e8re<\/option><option value=\"https:\/\/nimes.notannuaire.app\/\">30 &#8211; Gard<\/option><option value=\"https:\/\/toulouse.notannuaire.app\/\">31 &#8211; Haute-Garonne<\/option><option value=\"https:\/\/agen.notannuaire.app\/\">32 &#8211; Gers<\/option><option value=\"https:\/\/bordeaux.notannuaire.app\/\">33 &#8211; Gironde<\/option><option value=\"https:\/\/montpellier.notannuaire.app\/\">34 &#8211; H\u00e9rault<\/option><option value=\"https:\/\/rennes.notannuaire.app\/\">35 &#8211; Ille-et-Vilaine<\/option><option value=\"https:\/\/bourges.notannuaire.app\/\">36 &#8211; Indre<\/option><option value=\"https:\/\/valdeloire.notannuaire.app\/\">37 &#8211; Indre-et-Loire<\/option><option value=\"https:\/\/grenoble.notannuaire.app\/\">38 &#8211; Is\u00e8re<\/option><option value=\"https:\/\/franche-comte.notannuaire.app\/\">39 &#8211; Jura<\/option><option value=\"https:\/\/pau.notannuaire.app\/\">40 &#8211; Landes<\/option><option value=\"https:\/\/valdeloire.notannuaire.app\/\">41 &#8211; Indre-et-Loire<\/option><option value=\"https:\/\/lyon.notannuaire.app\/\">42 &#8211; Loire<\/option><option value=\"https:\/\/riom.notannuaire.app\/\">43 &#8211; Haute-Loire<\/option><option value=\"https:\/\/loire-atlantique.notannuaire.app\/\">44 &#8211; Loire-Atlantique<\/option><option value=\"https:\/\/valdeloire.notannuaire.app\/\">45 &#8211; Indre-et-Loire<\/option><option value=\"https:\/\/agen.notannuaire.app\/\">46 &#8211; Lot<\/option><option value=\"https:\/\/agen.notannuaire.app\/\">47 &#8211; Lot et Garonne<\/option><option value=\"https:\/\/nimes.notannuaire.app\/\">48 &#8211; Loz\u00e8re<\/option><option value=\"https:\/\/angers.notannuaire.app\/\">49 &#8211; Maine-et-Loire<\/option><option value=\"https:\/\/reims.notannuaire.app\/\">51 &#8211; Marne<\/option><option value=\"https:\/\/dijon.notannuaire.app\/\">52 &#8211; Haute-Marne<\/option><option value=\"https:\/\/angers.notannuaire.app\/\">53 &#8211; Mayenne<\/option><option value=\"https:\/\/nancy.notannuaire.app\/\">54 &#8211; Meurthe-et-Moselle<\/option><option value=\"https:\/\/nancy.notannuaire.app\/\">55 &#8211; Meuse<\/option><option value=\"https:\/\/rennes.notannuaire.app\/\">56 &#8211; Morbihan<\/option><!-- \n<option value=\"https:\/\/colmar-metz.notannuaire.app\/\">57 - Moselle<\/option>--><option value=\"https:\/\/bourges.notannuaire.app\/\">58 &#8211; Ni\u00e8vre<\/option><option value=\"https:\/\/notairesnpc.notannuaire.app\/\">59 &#8211; Nord<\/option><option value=\"https:\/\/amiens.notannuaire.app\/\">60 &#8211; Oise<\/option><option value=\"https:\/\/notairesnpc.notannuaire.app\/\">62 &#8211; Pas-de-Calais<\/option><option value=\"https:\/\/riom.notannuaire.app\/\">63 &#8211; Puy-de-D\u00f4me<\/option><option value=\"https:\/\/pau.notannuaire.app\/\">64 &#8211; Pyr\u00e9n\u00e9es-Atlantiques<\/option><option value=\"https:\/\/pau.notannuaire.app\/\">65 &#8211; Hautes-Pyr\u00e9n\u00e9es<\/option><option value=\"https:\/\/montpellier.notannuaire.app\/\">66 &#8211; Pyr\u00e9n\u00e9es Orientales<\/option><!-- \n<option value=\"https:\/\/colmar-metz.notannuaire.app\/\">67 - Bas-Rhin<\/option>--><option value=\"https:\/\/colmar-metz.notannuaire.app\/\">68 &#8211; Haut-Rhin<\/option>&#8211;&gt;<option value=\"https:\/\/lyon.notannuaire.app\/\">69 &#8211; Rh\u00f4ne<\/option><option value=\"https:\/\/franche-comte.notannuaire.app\/\">70 &#8211; Haute-Sa\u00f4ne<\/option><option value=\"https:\/\/dijon.notannuaire.app\/\">71 &#8211; Sa\u00f4ne-et-Loire<\/option><option value=\"https:\/\/angers.notannuaire.app\/\">72 &#8211; Sarthe<\/option><option value=\"https:\/\/ci7374.notannuaire.app\/\">73 &#8211; Savoie<\/option><option value=\"https:\/\/ci7374.notannuaire.app\/\">74 &#8211; Haute-Savoie<\/option><option value=\"https:\/\/www.france-media.net\/grand_paris\/appli.html\">75 &#8211; Paris<\/option><option value=\"https:\/\/rouen.notannuaire.app\/\">76 &#8211; Seine-Maritime<\/option><option value=\"https:\/\/www.france-media.net\/grand_paris\/appli.html\">77 &#8211; Seine-et-Marne<\/option><option value=\"https:\/\/www.france-media.net\/grand_paris\/appli.html\">78 &#8211; Yvelines<\/option><option value=\"https:\/\/poitiers.notannuaire.app\/\">79 &#8211; Deux-S\u00e8vres<\/option><option value=\"https:\/\/amiens.notannuaire.app\/\">80 &#8211; Somme<\/option><option value=\"https:\/\/toulouse.notannuaire.app\/\">81 &#8211; Tarn<\/option><option value=\"https:\/\/toulouse.notannuaire.app\/\">82 &#8211; Tarn et Garonne<\/option><option value=\"https:\/\/aix.notannuaire.app\/\">83 &#8211; Var<\/option><option value=\"https:\/\/nimes.notannuaire.app\/\">84 &#8211; Vaucluse<\/option><option value=\"https:\/\/poitiers.notannuaire.app\/\">85 &#8211; Vend\u00e9e<\/option><option value=\"https:\/\/poitiers.notannuaire.app\/\">86 &#8211; Vienne<\/option><option value=\"https:\/\/limoges.notannuaire.app\/\">87 &#8211; Haute-Vienne<\/option><option value=\"https:\/\/nancy.notannuaire.app\/\">88 &#8211; Vosges<\/option><option value=\"https:\/\/paris2.notannuaire.app\/\">89 &#8211; Yonne<\/option><option value=\"https:\/\/www.france-media.net\/grand_paris\/appli.html\">91 &#8211; Essonne<\/option><option value=\"https:\/\/www.france-media.net\/grand_paris\/appli.html\">92 &#8211; Hauts-de-Seine<\/option><option value=\"https:\/\/www.france-media.net\/grand_paris\/appli.html\">93 &#8211; Seine-Saint-Denis<\/option><option value=\"https:\/\/www.france-media.net\/grand_paris\/appli.html\">94 &#8211; Val-de-Marne<\/option><option value=\"https:\/\/www.france-media.net\/grand_paris\/appli.html\">95 &#8211; Val-d&rsquo;Oise<\/option><\/select><\/p>\n<p><strong>Annuaire par Cour d&rsquo;Appel<\/strong><\/p>\n<p><select id=\"dep\" style=\"width: 90%;\" name=\"dep\" onchange=\"location = this.options[this.selectedIndex].value\"><option value=\"\">S\u00e9lectionner une Cour d&rsquo;Appel<\/option><option value=\"https:\/\/agen.notannuaire.app\/\">Agen<\/option><option value=\"https:\/\/aix.notannuaire.app\/\">Aix-en-provence<\/option><option value=\"https:\/\/amiens.notannuaire.app\/\">Amiens<\/option><option value=\"https:\/\/angers.notannuaire.app\/\">Angers<\/option><option value=\"https:\/\/franche-comte.notannuaire.app\/\">Besan\u00e7on<\/option><option value=\"https:\/\/bordeaux.notannuaire.app\/\">Bordeaux<\/option><option value=\"https:\/\/bourges.notannuaire.app\/\">Bourges<\/option><option value=\"https:\/\/ci7374.notannuaire.app\/\">Chamb\u00e9ry<\/option><option value=\"https:\/\/colmar-metz.notannuaire.app\/\">Colmar-Metz<\/option><option value=\"https:\/\/dijon.notannuaire.app\/\">Dijon<\/option><option value=\"https:\/\/notairesnpc.notannuaire.app\/\">Douai<\/option><option value=\"https:\/\/grenoble.notannuaire.app\/\">Grenoble<\/option><option value=\"https:\/\/limoges.notannuaire.app\/\">Limoges<\/option><option value=\"https:\/\/lyon.notannuaire.app\/\">Lyon<\/option><option value=\"https:\/\/montpellier.notannuaire.app\/\">Montpellier<\/option><option value=\"https:\/\/nancy.notannuaire.app\/\">Nancy<\/option><option value=\"https:\/\/nimes.notannuaire.app\/\">N\u00eemes<\/option><option value=\"https:\/\/orleans.notannuaire.app\/\">Orl\u00e9ans<\/option><option value=\"https:\/\/pau.notannuaire.app\/\">Pau<\/option><option value=\"https:\/\/poitiers.notannuaire.app\/\">Poitiers<\/option><option value=\"https:\/\/reims.notannuaire.app\/\">Reims<\/option><option value=\"https:\/\/rennes.notannuaire.app\/\">Rennes<\/option><option value=\"https:\/\/riom.notannuaire.app\/\">Riom<\/option><option value=\"https:\/\/rouen.notannuaire.app\/\">Rouen<\/option><option value=\"https:\/\/toulouse.notannuaire.app\/\">Toulouse<\/option><\/select><\/p>\n<\/div>\n<p>&nbsp;<\/p>\n<hr \/>\n<p><a href=\"https:\/\/agen.notannuaire.app\" target=\"_blank\" rel=\"noopener\"><strong>Annuaire des notaires de la Cour d&rsquo;appel de Agen<\/strong><br \/>\nGers (32) &#8211; Lot (46) &#8211; Lot et Garonne (47)<\/a><\/p>\n<p><a href=\"https:\/\/aix.notannuaire.app\" target=\"_blank\" rel=\"noopener\"><strong>Annuaire des notaires de la Cour d&rsquo;appel de Aix-en-provence<\/strong><br \/>\nAlpes-de-Haute-Provence (04) &#8211; Alpes-Maritimes (06) &#8211; Bouches-du-Rh\u00f4ne (13) &#8211; Var (83)<\/a><\/p>\n<p><a href=\"https:\/\/amiens.notannuaire.app\" target=\"_blank\" rel=\"noopener\"><strong>Annuaire des notaires de Picardie<\/strong><br \/>\nAisne (02) &#8211; Oise (60) &#8211; Somme (80)<\/a><\/p>\n<p><a href=\"https:\/\/bourges.notannuaire.app\/\" target=\"_blank\" rel=\"noopener\"><strong>Annuaire des notaires de la Cour d&rsquo;appel de Bourges<\/strong><br \/>\nCher (18) &#8211; Indre (36) &#8211; Ni\u00e8vre (58)<\/a><\/p>\n<p><a href=\"https:\/\/angers.notannuaire.app\" target=\"_blank\" rel=\"noopener\"><strong>Annuaire des notaires de la Cour d&rsquo;appel d&rsquo;Angers<\/strong><br \/>\nMaine-et-Loire (49) &#8211; Mayenne (53) &#8211; Sarthe (72)<\/a><\/p>\n<p><a href=\"https:\/\/riom.notannuaire.app\" target=\"_blank\" rel=\"noopener\"><strong>Annuaire des notaires de la Cour d&rsquo;appel de Riom<\/strong><br \/>\nAllier (03) &#8211; Cantal (15) &#8211; Haute-Loire (43) &#8211; Puy-de-D\u00f4me (63)<\/a><\/p>\n<p><a href=\"https:\/\/franche-comte.notannuaire.app\" target=\"_blank\" rel=\"noopener\"><strong>Annuaire des notaires de Franche-Comt\u00e9<\/strong><br \/>\nDoubs (25) &#8211; Jura (39) &#8211; Hautes-Sa\u00f4ne (70) &#8211; Territoire de Belfort (90)<\/a><\/p>\n<p><a href=\"https:\/\/bordeaux.notannuaire.app\/\" target=\"_blank\" rel=\"noopener\"><strong>Annuaire des notaires de la Cour d&rsquo;appel de Bordeaux<\/strong><br \/>\nCharente (16) &#8211; Dordogne (24) &#8211; Gironde (33)<\/a><\/p>\n<p><a href=\"https:\/\/ci7374.notannuaire.app\" target=\"_blank\" rel=\"noopener\"><strong>Annuaire des notaires de la Cour d&rsquo;appel de Chamb\u00e9ry<\/strong><br \/>\nSavoie (73) &#8211; Haute-Savoie(74)<\/a><\/p>\n<p><!--<a href=\"https:\/\/colmar-metz.notannuaire.app\/\" target=\"_blank\" rel=\"noopener\"><strong>Annuaire des notaires des Cours d'appel de Colmar et de Metz<\/strong>\nBas-Rhin (67) - Haut-Rhin (68) - Moselle (57)<\/a>--><\/p>\n<p><a href=\"https:\/\/dijon.notannuaire.app\" target=\"_blank\" rel=\"noopener\"><strong>Annuaire des notaires de la Cour d&rsquo;appel de Dijon<\/strong><br \/>\nC\u00f4te d&rsquo;Or (21) &#8211; Haute-Marne (52) &#8211; Sa\u00f4ne-et-Loire (71)<\/a><\/p>\n<p><a href=\"https:\/\/eure-et-loir.notannuaire.app\" target=\"_blank\" rel=\"noopener\"><strong>Annuaire des notaires d&rsquo;Eure-et-loir<\/strong><br \/>\nEure-et-Loir (28)<\/a><\/p>\n<p><a href=\"https:\/\/grenoble.notannuaire.app\" target=\"_blank\" rel=\"noopener\"><strong>Annuaire des notaires de la Chambre interd\u00e9partementale des notaires du Dauphin\u00e9<\/strong><br \/>\nIs\u00e8re (38) &#8211; Dr\u00f4me (26) &#8211; Hautes-Alpes (05)<\/a><\/p>\n<p><a href=\"https:\/\/limoges.notannuaire.app\" target=\"_blank\" rel=\"noopener\"><strong>Annuaire des notaires de la Cour d&rsquo;appel de Limoges<\/strong><br \/>\nCorr\u00e8ze (19) &#8211; Creuse (23) &#8211; Haute-Vienne (87)<\/a><\/p>\n<p><a href=\"https:\/\/loire-atlantique.notannuaire.app\" target=\"_blank\" rel=\"noopener\"><strong>Annuaire des notaires de Loire-Atlantique<\/strong><br \/>\nLoire-Atlantique (44)<\/a><\/p>\n<p><a href=\"https:\/\/lyon.notannuaire.app\" target=\"_blank\" rel=\"noopener\"><strong>Annuaire des notaires de la Cour d&rsquo;appel de Lyon<\/strong><br \/>\nAin (01) &#8211; Loire (42) &#8211; Rh\u00f4ne (69)<\/a><\/p>\n<p><a href=\"https:\/\/montpellier.notannuaire.app\/\" target=\"_blank\" rel=\"noopener\"><strong>Annuaire des notaires de la Cour d&rsquo;appel de Montpellier<\/strong><br \/>\nAude (11) &#8211; Aveyron (12) &#8211; H\u00e9rault (34) &#8211; Pyr\u00e9n\u00e9es Orientales (66)<\/a><\/p>\n<p><a href=\"https:\/\/nancy.notannuaire.app\" target=\"_blank\" rel=\"noopener\"><strong>Annuaire des notaires de la Cour d&rsquo;appel de Nancy<\/strong><br \/>\nMeuse (55) &#8211; Meurthe-et-Moselle (54) &#8211; Vosges (88)<\/a><\/p>\n<p><a href=\"https:\/\/nimes.notannuaire.app\" target=\"_blank\" rel=\"noopener\"><strong>Annuaire des notaires de la Cour d&rsquo;appel de N\u00eemes<\/strong><br \/>\nArd\u00e8che (07) &#8211; Gard (30) &#8211; Loz\u00e8re (48) &#8211; Vaucluse (84)<\/a><\/p>\n<p><a href=\"https:\/\/notairesnpc.notannuaire.app\/\" target=\"_blank\" rel=\"noopener\"><strong>Annuaire des notaires de la Cour d&rsquo;appel de Douai<\/strong><br \/>\nPas-de-Calais (62) &#8211; Nord (59)<\/a><\/p>\n<p><a href=\"https:\/\/valdeloire.notannuaire.app\" target=\"_blank\" rel=\"noopener\"><strong>Annuaire des notaires de la Cour d&rsquo;appel d&rsquo;Orl\u00e9ans<\/strong><br \/>\nIndre-et-Loire (37) &#8211; Loir-et-Cher (41) &#8211; Loiret (45)<\/a><\/p>\n<p><a href=\"https:\/\/paris2.notannuaire.app\/\" target=\"_blank\" rel=\"noopener\"><strong>Annuaire des notaires de la Cour d&rsquo;appel de Paris II<\/strong><br \/>\nEssonne (91) &#8211; Seine-et-Marne (77) &#8211; Yonne (89)<\/a><\/p>\n<p><a href=\"https:\/\/pau.notannuaire.app\" target=\"_blank\" rel=\"noopener\"><strong>Annuaire des notaires de la Cour d&rsquo;appel de Pau<\/strong><br \/>\nHautes-Pyr\u00e9n\u00e9es (65) &#8211; Landes (40) &#8211; Pyr\u00e9n\u00e9es-Atlantique (64)<\/a><\/p>\n<p><a href=\"https:\/\/poitiers.notannuaire.app\" target=\"_blank\" rel=\"noopener\"><strong>Annuaire des notaires de la Cour d&rsquo;appel de Poitiers<\/strong><br \/>\nDeux-S\u00e8vres (79) &#8211; Charente-Martimes (17) &#8211; Vend\u00e9e (85) &#8211; Vienne (86)<\/a><\/p>\n<p><a href=\"https:\/\/reims.notannuaire.app\/\" target=\"_blank\" rel=\"noopener\"><strong>Annuaire des notaires de la Cour d&rsquo;appel de Reims<\/strong><br \/>\nArdennes (08), Aube (10), Marne (51)<\/a><\/p>\n<p><a href=\"https:\/\/rennes.notannuaire.app\/\" target=\"_blank\" rel=\"noopener\"><strong>Annuaire des notaires de la Cour d&rsquo;appel de Rennes<\/strong><br \/>\nC\u00f4tes-d&rsquo;Armor (22), Finist\u00e8re (29), Ille-et-Vilaine (35), Loire-Atlantique (44), Morbihan (56)<\/a><\/p>\n<p><a href=\"https:\/\/rouen.notannuaire.app\" target=\"_blank\" rel=\"noopener\"><strong>Annuaire des notaires de la Cour d&rsquo;appel de Rouen<\/strong><br \/>\nEure (27) &#8211; Seine-Maritime (76)<\/a><\/p>\n<p><a href=\"https:\/\/toulouse.notannuaire.app\" target=\"_blank\" rel=\"noopener\"><strong>Annuaire des notaires de la Cour d&rsquo;appel de Toulouse<\/strong><br \/>\nAri\u00e8ge (09), Haute-Garonne (31), Tarn (81), Tarn et Garonne (82)<\/a><\/p>\n<p><a href=\"https:\/\/www.france-media.net\/grand_paris\/appli.html\" target=\"_blank\" rel=\"noopener\"><strong>Annuaire des notaires de Grand Paris &#8211; Trombi&rsquo;not<\/strong><br \/>\nParis (75) &#8211; Seine-Saint-Denis (93) &#8211; Val-de-Marne (94) &#8211; Hauts-de-Seine (92) &#8211; Essonne (91) &#8211; Seine-et-Marne (77) &#8211; Yvelines (78) &#8211; Val-d&rsquo;Oise (95)<\/a><\/p>\n","protected":false},"excerpt":{"rendered":"<p>Annuaire par d\u00e9partement S\u00e9lectionner un d\u00e9partement01 &#8211; Ain02 &#8211; Aisne03 &#8211; Allier04 &#8211; Alpes-de-Haute-Provence05 &#8211; Hautes-Alpes06 &#8211; Alpes-Maritimes07 &#8211; Ard\u00e8che08 &#8211; Ardennes09 &#8211; Ari\u00e8ge10 &#8211;&hellip;<\/p>\n","protected":false},"author":1,"featured_media":0,"parent":0,"menu_order":0,"comment_status":"closed","ping_status":"closed","template":"","meta":{"footnotes":""},"class_list":["post-9","page","type-page","status-publish","hentry"],"_links":{"self":[{"href":"https:\/\/notannuaire.app\/annuaire-notaires-france\/wp-json\/wp\/v2\/pages\/9","targetHints":{"allow":["GET"]}}],"collection":[{"href":"https:\/\/notannuaire.app\/annuaire-notaires-france\/wp-json\/wp\/v2\/pages"}],"about":[{"href":"https:\/\/notannuaire.app\/annuaire-notaires-france\/wp-json\/wp\/v2\/types\/page"}],"author":[{"embeddable":true,"href":"https:\/\/notannuaire.app\/annuaire-notaires-france\/wp-json\/wp\/v2\/users\/1"}],"replies":[{"embeddable":true,"href":"https:\/\/notannuaire.app\/annuaire-notaires-france\/wp-json\/wp\/v2\/comments?post=9"}],"version-history":[{"count":125,"href":"https:\/\/notannuaire.app\/annuaire-notaires-france\/wp-json\/wp\/v2\/pages\/9\/revisions"}],"predecessor-version":[{"id":269,"href":"https:\/\/notannuaire.app\/annuaire-notaires-france\/wp-json\/wp\/v2\/pages\/9\/revisions\/269"}],"wp:attachment":[{"href":"https:\/\/notannuaire.app\/annuaire-notaires-france\/wp-json\/wp\/v2\/media?parent=9"}],"curies":[{"name":"wp","href":"https:\/\/api.w.org\/{rel}","templated":true}]}}